
{"id":12101,"date":"2020-06-04T10:31:24","date_gmt":"2020-06-04T14:31:24","guid":{"rendered":"https:\/\/ecampusontario.ca\/?page_id=12101"},"modified":"2021-07-11T14:44:01","modified_gmt":"2021-07-11T18:44:01","slug":"proctortrack","status":"publish","type":"page","link":"https:\/\/ecampusontario.ca\/fr\/proctortrack\/","title":{"rendered":"Proctortrack"},"content":{"rendered":"\n<div class=\"container banner-container container-full-col p-0 m-0\">\n<div class=\"row banner-row p-0 m-0\">\n<div class=\"col-12 col-sm-5 banner-text pl-5\">\n<h2 class=\"page-main-heading\">Surveillance virtuelle<\/h2>\n<\/div>\n\n\n\n<figure class=\"wp-block-image size-large is-style-default\"><img loading=\"lazy\" decoding=\"async\" width=\"1024\" height=\"305\" src=\"https:\/\/ecampusontario.ca\/wp-content\/uploads\/2021\/07\/Banner-Virtual-Proctoring-1024x305.png\" alt=\"person using a laptop\" class=\"wp-image-16824\" srcset=\"https:\/\/ecampusontario.ca\/wp-content\/uploads\/2021\/07\/Banner-Virtual-Proctoring-1024x305.png 1024w, https:\/\/ecampusontario.ca\/wp-content\/uploads\/2021\/07\/Banner-Virtual-Proctoring-300x90.png 300w, https:\/\/ecampusontario.ca\/wp-content\/uploads\/2021\/07\/Banner-Virtual-Proctoring-768x229.png 768w, https:\/\/ecampusontario.ca\/wp-content\/uploads\/2021\/07\/Banner-Virtual-Proctoring-1536x458.png 1536w, https:\/\/ecampusontario.ca\/wp-content\/uploads\/2021\/07\/Banner-Virtual-Proctoring.png 1924w\" sizes=\"auto, (max-width: 1024px) 100vw, 1024px\" \/><\/figure>\n\n\n\n<\/div><\/div><div class=\"container container-md mb-5\">\n<div class=\"row\">\n\n<div class=\"col-12\">\n<p>En mars 2020, alors que les \u00e9coles de l\u2019Ontario se pr\u00e9paraient \u00e0 un passage rapide \u00e0 l\u2019enseignement en ligne en raison de la pand\u00e9mie de COVID-19, les membres d\u2019eCampusOntario ont exprim\u00e9 leurs inqui\u00e9tudes \u00e0 propos de la surveillance des examens, traditionnellement en personne, dans un environnement \u00e0 distance. eCampusOntario et le minist\u00e8re de la Formation et des Coll\u00e8ges et Universit\u00e9s de l\u2019Ontario ont travaill\u00e9 ensemble pour fournir aux 45 coll\u00e8ges et universit\u00e9s publics de la province un acc\u00e8s limit\u00e9 dans le temps \u00e0 Proctortrack de Verificient, une solution en ligne qui permet la continuit\u00e9 des \u00e9tudes gr\u00e2ce \u00e0 la transition aux examens \u00e0 distance, en cas d\u2019urgence. Lire le communiqu\u00e9 de presse du 31 mars en <a href=\"\/?p=11394\">cliquant ici<\/a>.<\/p>\n<p>eCampusOntario encourage l\u2019examen complet de toutes les options pour fournir une \u00e9valuation \u00e0 distance. Proctortrack est disponible en fonction des besoins lorsque les \u00e9coles estiment qu\u2019elles ne seront pas en mesure de fournir une \u00e9valuation finale pour un cours sans reproduire l\u2019environnement de surveillance (par exemple, pour les examens avec reconnaissance externe).<\/p>\n<\/div>\n<\/div>\n<\/div>\n\n\n\n<div class=\"container card-alt-container ed-tech-card-container my-0\">\n<div class=\"row\">\n<div class=\"col-5 column-3 my-0\">\n<div class=\"card card-alt\">\n<h3>Foire aux questions<\/h3>\n<p class=\"content mb-1 mb-5 pb-3\">Pour obtenir de plus amples renseignements sur cette offre de service, les exigences technologiques minimales, le stockage des donn\u00e9es, la protection de la vie priv\u00e9e, et plus encore, consultez notre FAQ.<\/p>\n<p><a class=\"btn btn-lg light-yellow-btn-background\" href=\"https:\/\/ecampusontario.ca\/fr\/proctortrack-faq\/\">POUR EN SAVOIR PLUS<\/a><\/p>\n<\/div>\n<\/div>\n<div class=\"col-5 column-3 my-0\">\n<div class=\"card card-alt\">\n<h3>Obtenir l\u2019acc\u00e8s<\/h3>\n<p class=\"content mb-1 mb-5 pb-3\">Si vous \u00eates int\u00e9ress\u00e9 par l\u2019acc\u00e8s \u00e0 Proctortrack, veuillez d&rsquo;abord remplir notre questionnaire.<\/p>\n<p><a class=\"btn btn-lg light-yellow-btn-background\" href=\"https:\/\/forms.office.com\/Pages\/ResponsePage.aspx?id=7w5psxIAQk2Gy3nB26xWPcp7F3pz7sJLgm-SfdL5qudUMjFIRDQzWjQ5MFVOSU01TkVWUzcyUTg1Mi4u\" target=\"_blank\" rel=\"noopener noreferrer\">S&rsquo;INSCRIRE ICI<\/a><\/p>\n<\/div>\n<\/div>\n<div class=\"col-5 column-3 my-0\">\n<div class=\"card card-alt\">\n<h3>Communiquez avec nous<\/h3>\n<p class=\"content mb-1 mb-5 pb-3\">Avez-vous toujours des questions \u00e0 propos de Proctortrack? Communiquez avec nous pour toute question \u00e0 l\u2019adresse suivante : <a href=\"mailto:proctorsupport@ecampusontario.ca\" target=\"_blank\" rel=\"noopener noreferrer\">proctorsupport@ecampusontario.ca<\/a><\/p>\n<p><a class=\"btn btn-lg light-yellow-btn-background\" href=\"mailto:proctorsupport@ecampusontario.ca\">COURRIEL<\/a><\/p>\n<\/div>\n<\/div>\n<\/div>\n<\/div>\n","protected":false},"excerpt":{"rendered":"<p>Surveillance virtuelle En mars 2020, alors que les \u00e9coles de l\u2019Ontario se pr\u00e9paraient \u00e0 un passage rapide \u00e0 l\u2019enseignement en ligne en raison de la pand\u00e9mie de COVID-19, les membres d\u2019eCampusOntario ont exprim\u00e9 leurs inqui\u00e9tudes \u00e0 propos de la surveillance des examens, traditionnellement en personne, dans un environnement \u00e0 distance. eCampusOntario et le minist\u00e8re de [&hellip;]<\/p>\n","protected":false},"author":18,"featured_media":0,"parent":0,"menu_order":0,"comment_status":"closed","ping_status":"closed","template":"","meta":{"_acf_changed":false,"footnotes":""},"categories":[],"tags":[],"class_list":["post-12101","page","type-page","status-publish","hentry"],"acf":[],"yoast_head":"<!-- This site is optimized with the Yoast SEO Premium plugin v26.0 (Yoast SEO v26.0) - https:\/\/yoast.com\/wordpress\/plugins\/seo\/ -->\n<title>Proctortrack | eCampusOntario<\/title>\n<meta name=\"robots\" content=\"index, follow, max-snippet:-1, max-image-preview:large, max-video-preview:-1\" \/>\n<link rel=\"canonical\" href=\"https:\/\/ecampusontario.ca\/fr\/proctortrack\/\" \/>\n<meta property=\"og:locale\" content=\"fr_FR\" \/>\n<meta property=\"og:type\" content=\"article\" \/>\n<meta property=\"og:title\" content=\"Proctortrack\" \/>\n<meta property=\"og:description\" content=\"Surveillance virtuelle En mars 2020, alors que les \u00e9coles de l\u2019Ontario se pr\u00e9paraient \u00e0 un passage rapide \u00e0 l\u2019enseignement en ligne en raison de la pand\u00e9mie de COVID-19, les membres d\u2019eCampusOntario ont exprim\u00e9 leurs inqui\u00e9tudes \u00e0 propos de la surveillance des examens, traditionnellement en personne, dans un environnement \u00e0 distance. eCampusOntario et le minist\u00e8re de [&hellip;]\" \/>\n<meta property=\"og:url\" content=\"https:\/\/ecampusontario.ca\/fr\/proctortrack\/\" \/>\n<meta property=\"og:site_name\" content=\"eCampusOntario\" \/>\n<meta property=\"article:publisher\" content=\"https:\/\/www.facebook.com\/ecampusontario\/\" \/>\n<meta property=\"article:modified_time\" content=\"2021-07-11T18:44:01+00:00\" \/>\n<meta property=\"og:image\" content=\"https:\/\/ecampusontario.ca\/wp-content\/uploads\/2021\/07\/Banner-Virtual-Proctoring-1024x305.png\" \/>\n<meta name=\"twitter:card\" content=\"summary_large_image\" \/>\n<meta name=\"twitter:site\" content=\"@eCampusOntario\" \/>\n<meta name=\"twitter:label1\" content=\"Dur\u00e9e de lecture estim\u00e9e\" \/>\n\t<meta name=\"twitter:data1\" content=\"1 minute\" \/>\n<script type=\"application\/ld+json\" class=\"yoast-schema-graph\">{\"@context\":\"https:\/\/schema.org\",\"@graph\":[{\"@type\":\"WebPage\",\"@id\":\"https:\/\/ecampusontario.ca\/fr\/proctortrack\/\",\"url\":\"https:\/\/ecampusontario.ca\/fr\/proctortrack\/\",\"name\":\"Proctortrack | eCampusOntario\",\"isPartOf\":{\"@id\":\"https:\/\/ecampusontario.ca\/fr\/#website\"},\"primaryImageOfPage\":{\"@id\":\"https:\/\/ecampusontario.ca\/fr\/proctortrack\/#primaryimage\"},\"image\":{\"@id\":\"https:\/\/ecampusontario.ca\/fr\/proctortrack\/#primaryimage\"},\"thumbnailUrl\":\"https:\/\/ecampusontario.ca\/wp-content\/uploads\/2021\/07\/Banner-Virtual-Proctoring-1024x305.png\",\"datePublished\":\"2020-06-04T14:31:24+00:00\",\"dateModified\":\"2021-07-11T18:44:01+00:00\",\"breadcrumb\":{\"@id\":\"https:\/\/ecampusontario.ca\/fr\/proctortrack\/#breadcrumb\"},\"inLanguage\":\"fr-FR\",\"potentialAction\":[{\"@type\":\"ReadAction\",\"target\":[\"https:\/\/ecampusontario.ca\/fr\/proctortrack\/\"]}]},{\"@type\":\"ImageObject\",\"inLanguage\":\"fr-FR\",\"@id\":\"https:\/\/ecampusontario.ca\/fr\/proctortrack\/#primaryimage\",\"url\":\"https:\/\/ecampusontario.ca\/wp-content\/uploads\/2021\/07\/Banner-Virtual-Proctoring-1024x305.png\",\"contentUrl\":\"https:\/\/ecampusontario.ca\/wp-content\/uploads\/2021\/07\/Banner-Virtual-Proctoring-1024x305.png\"},{\"@type\":\"BreadcrumbList\",\"@id\":\"https:\/\/ecampusontario.ca\/fr\/proctortrack\/#breadcrumb\",\"itemListElement\":[{\"@type\":\"ListItem\",\"position\":1,\"name\":\"Home\",\"item\":\"https:\/\/ecampusontario.ca\/fr\/\"},{\"@type\":\"ListItem\",\"position\":2,\"name\":\"Proctortrack\"}]},{\"@type\":\"WebSite\",\"@id\":\"https:\/\/ecampusontario.ca\/fr\/#website\",\"url\":\"https:\/\/ecampusontario.ca\/fr\/\",\"name\":\"eCampusOntario\",\"description\":\"The online hub for learners and educators across Ontario\",\"publisher\":{\"@id\":\"https:\/\/ecampusontario.ca\/fr\/#organization\"},\"potentialAction\":[{\"@type\":\"SearchAction\",\"target\":{\"@type\":\"EntryPoint\",\"urlTemplate\":\"https:\/\/ecampusontario.ca\/fr\/?s={search_term_string}\"},\"query-input\":{\"@type\":\"PropertyValueSpecification\",\"valueRequired\":true,\"valueName\":\"search_term_string\"}}],\"inLanguage\":\"fr-FR\"},{\"@type\":\"Organization\",\"@id\":\"https:\/\/ecampusontario.ca\/fr\/#organization\",\"name\":\"eCampusOntario\",\"url\":\"https:\/\/ecampusontario.ca\/fr\/\",\"logo\":{\"@type\":\"ImageObject\",\"inLanguage\":\"fr-FR\",\"@id\":\"https:\/\/ecampusontario.ca\/fr\/#\/schema\/logo\/image\/\",\"url\":\"https:\/\/ecampusontario.ca\/wp-content\/uploads\/2018\/11\/ecampus-e-icon-1.png\",\"contentUrl\":\"https:\/\/ecampusontario.ca\/wp-content\/uploads\/2018\/11\/ecampus-e-icon-1.png\",\"width\":720,\"height\":325,\"caption\":\"eCampusOntario\"},\"image\":{\"@id\":\"https:\/\/ecampusontario.ca\/fr\/#\/schema\/logo\/image\/\"},\"sameAs\":[\"https:\/\/www.facebook.com\/ecampusontario\/\",\"https:\/\/x.com\/eCampusOntario\"]}]}<\/script>\n<!-- \/ Yoast SEO Premium plugin. -->","yoast_head_json":{"title":"Proctortrack | eCampusOntario","robots":{"index":"index","follow":"follow","max-snippet":"max-snippet:-1","max-image-preview":"max-image-preview:large","max-video-preview":"max-video-preview:-1"},"canonical":"https:\/\/ecampusontario.ca\/fr\/proctortrack\/","og_locale":"fr_FR","og_type":"article","og_title":"Proctortrack","og_description":"Surveillance virtuelle En mars 2020, alors que les \u00e9coles de l\u2019Ontario se pr\u00e9paraient \u00e0 un passage rapide \u00e0 l\u2019enseignement en ligne en raison de la pand\u00e9mie de COVID-19, les membres d\u2019eCampusOntario ont exprim\u00e9 leurs inqui\u00e9tudes \u00e0 propos de la surveillance des examens, traditionnellement en personne, dans un environnement \u00e0 distance. eCampusOntario et le minist\u00e8re de [&hellip;]","og_url":"https:\/\/ecampusontario.ca\/fr\/proctortrack\/","og_site_name":"eCampusOntario","article_publisher":"https:\/\/www.facebook.com\/ecampusontario\/","article_modified_time":"2021-07-11T18:44:01+00:00","og_image":[{"url":"https:\/\/ecampusontario.ca\/wp-content\/uploads\/2021\/07\/Banner-Virtual-Proctoring-1024x305.png","type":"","width":"","height":""}],"twitter_card":"summary_large_image","twitter_site":"@eCampusOntario","twitter_misc":{"Dur\u00e9e de lecture estim\u00e9e":"1 minute"},"schema":{"@context":"https:\/\/schema.org","@graph":[{"@type":"WebPage","@id":"https:\/\/ecampusontario.ca\/fr\/proctortrack\/","url":"https:\/\/ecampusontario.ca\/fr\/proctortrack\/","name":"Proctortrack | eCampusOntario","isPartOf":{"@id":"https:\/\/ecampusontario.ca\/fr\/#website"},"primaryImageOfPage":{"@id":"https:\/\/ecampusontario.ca\/fr\/proctortrack\/#primaryimage"},"image":{"@id":"https:\/\/ecampusontario.ca\/fr\/proctortrack\/#primaryimage"},"thumbnailUrl":"https:\/\/ecampusontario.ca\/wp-content\/uploads\/2021\/07\/Banner-Virtual-Proctoring-1024x305.png","datePublished":"2020-06-04T14:31:24+00:00","dateModified":"2021-07-11T18:44:01+00:00","breadcrumb":{"@id":"https:\/\/ecampusontario.ca\/fr\/proctortrack\/#breadcrumb"},"inLanguage":"fr-FR","potentialAction":[{"@type":"ReadAction","target":["https:\/\/ecampusontario.ca\/fr\/proctortrack\/"]}]},{"@type":"ImageObject","inLanguage":"fr-FR","@id":"https:\/\/ecampusontario.ca\/fr\/proctortrack\/#primaryimage","url":"https:\/\/ecampusontario.ca\/wp-content\/uploads\/2021\/07\/Banner-Virtual-Proctoring-1024x305.png","contentUrl":"https:\/\/ecampusontario.ca\/wp-content\/uploads\/2021\/07\/Banner-Virtual-Proctoring-1024x305.png"},{"@type":"BreadcrumbList","@id":"https:\/\/ecampusontario.ca\/fr\/proctortrack\/#breadcrumb","itemListElement":[{"@type":"ListItem","position":1,"name":"Home","item":"https:\/\/ecampusontario.ca\/fr\/"},{"@type":"ListItem","position":2,"name":"Proctortrack"}]},{"@type":"WebSite","@id":"https:\/\/ecampusontario.ca\/fr\/#website","url":"https:\/\/ecampusontario.ca\/fr\/","name":"eCampusOntario","description":"The online hub for learners and educators across Ontario","publisher":{"@id":"https:\/\/ecampusontario.ca\/fr\/#organization"},"potentialAction":[{"@type":"SearchAction","target":{"@type":"EntryPoint","urlTemplate":"https:\/\/ecampusontario.ca\/fr\/?s={search_term_string}"},"query-input":{"@type":"PropertyValueSpecification","valueRequired":true,"valueName":"search_term_string"}}],"inLanguage":"fr-FR"},{"@type":"Organization","@id":"https:\/\/ecampusontario.ca\/fr\/#organization","name":"eCampusOntario","url":"https:\/\/ecampusontario.ca\/fr\/","logo":{"@type":"ImageObject","inLanguage":"fr-FR","@id":"https:\/\/ecampusontario.ca\/fr\/#\/schema\/logo\/image\/","url":"https:\/\/ecampusontario.ca\/wp-content\/uploads\/2018\/11\/ecampus-e-icon-1.png","contentUrl":"https:\/\/ecampusontario.ca\/wp-content\/uploads\/2018\/11\/ecampus-e-icon-1.png","width":720,"height":325,"caption":"eCampusOntario"},"image":{"@id":"https:\/\/ecampusontario.ca\/fr\/#\/schema\/logo\/image\/"},"sameAs":["https:\/\/www.facebook.com\/ecampusontario\/","https:\/\/x.com\/eCampusOntario"]}]}},"_links":{"self":[{"href":"https:\/\/ecampusontario.ca\/fr\/wp-json\/wp\/v2\/pages\/12101","targetHints":{"allow":["GET"]}}],"collection":[{"href":"https:\/\/ecampusontario.ca\/fr\/wp-json\/wp\/v2\/pages"}],"about":[{"href":"https:\/\/ecampusontario.ca\/fr\/wp-json\/wp\/v2\/types\/page"}],"author":[{"embeddable":true,"href":"https:\/\/ecampusontario.ca\/fr\/wp-json\/wp\/v2\/users\/18"}],"replies":[{"embeddable":true,"href":"https:\/\/ecampusontario.ca\/fr\/wp-json\/wp\/v2\/comments?post=12101"}],"version-history":[{"count":7,"href":"https:\/\/ecampusontario.ca\/fr\/wp-json\/wp\/v2\/pages\/12101\/revisions"}],"predecessor-version":[{"id":16844,"href":"https:\/\/ecampusontario.ca\/fr\/wp-json\/wp\/v2\/pages\/12101\/revisions\/16844"}],"wp:attachment":[{"href":"https:\/\/ecampusontario.ca\/fr\/wp-json\/wp\/v2\/media?parent=12101"}],"wp:term":[{"taxonomy":"category","embeddable":true,"href":"https:\/\/ecampusontario.ca\/fr\/wp-json\/wp\/v2\/categories?post=12101"},{"taxonomy":"post_tag","embeddable":true,"href":"https:\/\/ecampusontario.ca\/fr\/wp-json\/wp\/v2\/tags?post=12101"}],"curies":[{"name":"wp","href":"https:\/\/api.w.org\/{rel}","templated":true}]}}