
{"id":12008,"date":"2020-06-02T10:50:54","date_gmt":"2020-06-02T14:50:54","guid":{"rendered":"https:\/\/ecampusontario.ca\/?page_id=12008"},"modified":"2021-05-03T11:13:21","modified_gmt":"2021-05-03T15:13:21","slug":"plan-croissance-pressbooks","status":"publish","type":"page","link":"https:\/\/ecampusontario.ca\/fr\/plan-croissance-pressbooks\/","title":{"rendered":"L\u2019acc\u00e8s illimit\u00e9 continue gr\u00e2ce au plan de croissance de Pressbooks d\u2019eCampusOntario"},"content":{"rendered":"<div class=\"container container-md\">\n<div class=\"row\">\n<div class=\"col-12 mb-5\">\n<p>Apr\u00e8s une ann\u00e9e de prestation des cours \u00e0 distance, la demande pour des ressources num\u00e9riques, ouvertes et \u00e9volutives est encore tr\u00e8s forte. eCampusOntario continue de collaborer avec Pressbooks pour fournir son plan de croissance, qui offre un acc\u00e8s illimit\u00e9 au r\u00e9seau PressbooksEDU de l\u2019Ontario au moyen d\u2019une authentification unique.<\/p>\n<p>Pressbooks est un syst\u00e8me de formatage et de publication en ligne qui permet de cr\u00e9er facilement des ressources imprim\u00e9es et num\u00e9riques professionnelles et bien format\u00e9es.<\/p>\n<p>Gr\u00e2ce \u00e0 PressbooksEDU, vous pourrez\u00a0:<\/p>\n<ul>\n<li>Exportations Web, PDF, EPUB, MOBI, XML et IMSCC<\/li>\n<li>Soutien aux contenus interactifs et multim\u00e9dias<\/li>\n<li>Int\u00e9gration transparente d\u2019H5P, d\u2019hypothes.is et de MathJax<\/li>\n<li>Ressources imprimables au prix co\u00fbtant par le biais du programme d\u2019impression sur demande d\u2019eCampusOntario<\/li>\n<\/ul>\n<p>Aider les \u00e9ducateurs de votre \u00e9tablissement \u00e0 cr\u00e9er de nouveaux contenus, \u00e0 adapter des ressources \u00e9ducatives libres existantes, \u00e0 collaborer avec l\u2019un de nos 48 \u00e9tablissements membres et \u00e0 permettre la co-cr\u00e9ation des \u00e9tudiants gr\u00e2ce au plan de croissance de Pressbooks.<\/p>\n<p>Les institutions membres d\u2019eCampusOntario sont invit\u00e9es \u00e0 se joindre \u00e0 ce service <strong><a href=\"https:\/\/go.ecampusontario.ca\/l\/847833\/2020-06-01\/czdf\">en remplissant ce formulaire<\/a><\/strong>. Le d\u00e9ploiement de ce service se fera sur la base de premier arriv\u00e9, premier servi. Sans frais pour nos \u00e9tablissements membres jusqu\u2019au 31 mars\u00a02022.<\/p>\n<p><a href=\"\/fr?p=13436\">Lire la suite.<\/a><\/p>\n<\/div>\n<\/div>\n<\/div>\n","protected":false},"excerpt":{"rendered":"<p>Apr\u00e8s une ann\u00e9e de prestation des cours \u00e0 distance, la demande pour des ressources num\u00e9riques, ouvertes et \u00e9volutives est encore tr\u00e8s forte. eCampusOntario continue de collaborer avec Pressbooks pour fournir son plan de croissance, qui offre un acc\u00e8s illimit\u00e9 au r\u00e9seau PressbooksEDU de l\u2019Ontario au moyen d\u2019une authentification unique. Pressbooks est un syst\u00e8me de formatage [&hellip;]<\/p>\n","protected":false},"author":18,"featured_media":15843,"parent":0,"menu_order":0,"comment_status":"closed","ping_status":"closed","template":"news-single-post.php","meta":{"_acf_changed":false,"footnotes":""},"categories":[],"tags":[],"class_list":["post-12008","page","type-page","status-publish","has-post-thumbnail","hentry"],"acf":[],"yoast_head":"<!-- This site is optimized with the Yoast SEO Premium plugin v27.4 (Yoast SEO v27.4) - https:\/\/yoast.com\/product\/yoast-seo-premium-wordpress\/ -->\n<title>L\u2019acc\u00e8s illimit\u00e9 continue gr\u00e2ce au plan de croissance de Pressbooks d\u2019eCampusOntario | eCampusOntario<\/title>\n<meta name=\"robots\" content=\"index, follow, max-snippet:-1, max-image-preview:large, max-video-preview:-1\" \/>\n<link rel=\"canonical\" href=\"https:\/\/ecampusontario.ca\/fr\/plan-croissance-pressbooks\/\" \/>\n<meta property=\"og:locale\" content=\"fr_FR\" \/>\n<meta property=\"og:type\" content=\"article\" \/>\n<meta property=\"og:title\" content=\"L\u2019acc\u00e8s illimit\u00e9 continue gr\u00e2ce au plan de croissance de Pressbooks d\u2019eCampusOntario\" \/>\n<meta property=\"og:description\" content=\"Apr\u00e8s une ann\u00e9e de prestation des cours \u00e0 distance, la demande pour des ressources num\u00e9riques, ouvertes et \u00e9volutives est encore tr\u00e8s forte. eCampusOntario continue de collaborer avec Pressbooks pour fournir son plan de croissance, qui offre un acc\u00e8s illimit\u00e9 au r\u00e9seau PressbooksEDU de l\u2019Ontario au moyen d\u2019une authentification unique. Pressbooks est un syst\u00e8me de formatage [&hellip;]\" \/>\n<meta property=\"og:url\" content=\"https:\/\/ecampusontario.ca\/fr\/plan-croissance-pressbooks\/\" \/>\n<meta property=\"og:site_name\" content=\"eCampusOntario\" \/>\n<meta property=\"article:publisher\" content=\"https:\/\/www.facebook.com\/ecampusontario\/\" \/>\n<meta property=\"article:modified_time\" content=\"2021-05-03T15:13:21+00:00\" \/>\n<meta property=\"og:image\" content=\"https:\/\/ecampusontario.ca\/wp-content\/uploads\/2021\/05\/Pressbook-Growth-Plan.png\" \/>\n\t<meta property=\"og:image:width\" content=\"1924\" \/>\n\t<meta property=\"og:image:height\" content=\"574\" \/>\n\t<meta property=\"og:image:type\" content=\"image\/png\" \/>\n<meta name=\"twitter:card\" content=\"summary_large_image\" \/>\n<meta name=\"twitter:site\" content=\"@eCampusOntario\" \/>\n<meta name=\"twitter:label1\" content=\"Dur\u00e9e de lecture estim\u00e9e\" \/>\n\t<meta name=\"twitter:data1\" content=\"1 minute\" \/>\n<script type=\"application\/ld+json\" class=\"yoast-schema-graph\">{\"@context\":\"https:\\\/\\\/schema.org\",\"@graph\":[{\"@type\":\"WebPage\",\"@id\":\"https:\\\/\\\/ecampusontario.ca\\\/fr\\\/plan-croissance-pressbooks\\\/\",\"url\":\"https:\\\/\\\/ecampusontario.ca\\\/fr\\\/plan-croissance-pressbooks\\\/\",\"name\":\"L\u2019acc\u00e8s illimit\u00e9 continue gr\u00e2ce au plan de croissance de Pressbooks d\u2019eCampusOntario | eCampusOntario\",\"isPartOf\":{\"@id\":\"https:\\\/\\\/ecampusontario.ca\\\/fr\\\/#website\"},\"primaryImageOfPage\":{\"@id\":\"https:\\\/\\\/ecampusontario.ca\\\/fr\\\/plan-croissance-pressbooks\\\/#primaryimage\"},\"image\":{\"@id\":\"https:\\\/\\\/ecampusontario.ca\\\/fr\\\/plan-croissance-pressbooks\\\/#primaryimage\"},\"thumbnailUrl\":\"https:\\\/\\\/ecampusontario.ca\\\/wp-content\\\/uploads\\\/2021\\\/05\\\/Pressbook-Growth-Plan.png\",\"datePublished\":\"2020-06-02T14:50:54+00:00\",\"dateModified\":\"2021-05-03T15:13:21+00:00\",\"breadcrumb\":{\"@id\":\"https:\\\/\\\/ecampusontario.ca\\\/fr\\\/plan-croissance-pressbooks\\\/#breadcrumb\"},\"inLanguage\":\"fr-FR\",\"potentialAction\":[{\"@type\":\"ReadAction\",\"target\":[\"https:\\\/\\\/ecampusontario.ca\\\/fr\\\/plan-croissance-pressbooks\\\/\"]}]},{\"@type\":\"ImageObject\",\"inLanguage\":\"fr-FR\",\"@id\":\"https:\\\/\\\/ecampusontario.ca\\\/fr\\\/plan-croissance-pressbooks\\\/#primaryimage\",\"url\":\"https:\\\/\\\/ecampusontario.ca\\\/wp-content\\\/uploads\\\/2021\\\/05\\\/Pressbook-Growth-Plan.png\",\"contentUrl\":\"https:\\\/\\\/ecampusontario.ca\\\/wp-content\\\/uploads\\\/2021\\\/05\\\/Pressbook-Growth-Plan.png\",\"width\":1924,\"height\":574,\"caption\":\"Image of person typing\"},{\"@type\":\"BreadcrumbList\",\"@id\":\"https:\\\/\\\/ecampusontario.ca\\\/fr\\\/plan-croissance-pressbooks\\\/#breadcrumb\",\"itemListElement\":[{\"@type\":\"ListItem\",\"position\":1,\"name\":\"Home\",\"item\":\"https:\\\/\\\/ecampusontario.ca\\\/fr\\\/\"},{\"@type\":\"ListItem\",\"position\":2,\"name\":\"L\u2019acc\u00e8s illimit\u00e9 continue gr\u00e2ce au plan de croissance de Pressbooks d\u2019eCampusOntario\"}]},{\"@type\":\"WebSite\",\"@id\":\"https:\\\/\\\/ecampusontario.ca\\\/fr\\\/#website\",\"url\":\"https:\\\/\\\/ecampusontario.ca\\\/fr\\\/\",\"name\":\"eCampusOntario\",\"description\":\"The online hub for learners and educators across Ontario\",\"publisher\":{\"@id\":\"https:\\\/\\\/ecampusontario.ca\\\/fr\\\/#organization\"},\"potentialAction\":[{\"@type\":\"SearchAction\",\"target\":{\"@type\":\"EntryPoint\",\"urlTemplate\":\"https:\\\/\\\/ecampusontario.ca\\\/fr\\\/?s={search_term_string}\"},\"query-input\":{\"@type\":\"PropertyValueSpecification\",\"valueRequired\":true,\"valueName\":\"search_term_string\"}}],\"inLanguage\":\"fr-FR\"},{\"@type\":\"Organization\",\"@id\":\"https:\\\/\\\/ecampusontario.ca\\\/fr\\\/#organization\",\"name\":\"eCampusOntario\",\"url\":\"https:\\\/\\\/ecampusontario.ca\\\/fr\\\/\",\"logo\":{\"@type\":\"ImageObject\",\"inLanguage\":\"fr-FR\",\"@id\":\"https:\\\/\\\/ecampusontario.ca\\\/fr\\\/#\\\/schema\\\/logo\\\/image\\\/\",\"url\":\"https:\\\/\\\/ecampusontario.ca\\\/wp-content\\\/uploads\\\/2018\\\/11\\\/ecampus-e-icon-1.png\",\"contentUrl\":\"https:\\\/\\\/ecampusontario.ca\\\/wp-content\\\/uploads\\\/2018\\\/11\\\/ecampus-e-icon-1.png\",\"width\":720,\"height\":325,\"caption\":\"eCampusOntario\"},\"image\":{\"@id\":\"https:\\\/\\\/ecampusontario.ca\\\/fr\\\/#\\\/schema\\\/logo\\\/image\\\/\"},\"sameAs\":[\"https:\\\/\\\/www.facebook.com\\\/ecampusontario\\\/\",\"https:\\\/\\\/x.com\\\/eCampusOntario\"]}]}<\/script>\n<!-- \/ Yoast SEO Premium plugin. -->","yoast_head_json":{"title":"L\u2019acc\u00e8s illimit\u00e9 continue gr\u00e2ce au plan de croissance de Pressbooks d\u2019eCampusOntario | eCampusOntario","robots":{"index":"index","follow":"follow","max-snippet":"max-snippet:-1","max-image-preview":"max-image-preview:large","max-video-preview":"max-video-preview:-1"},"canonical":"https:\/\/ecampusontario.ca\/fr\/plan-croissance-pressbooks\/","og_locale":"fr_FR","og_type":"article","og_title":"L\u2019acc\u00e8s illimit\u00e9 continue gr\u00e2ce au plan de croissance de Pressbooks d\u2019eCampusOntario","og_description":"Apr\u00e8s une ann\u00e9e de prestation des cours \u00e0 distance, la demande pour des ressources num\u00e9riques, ouvertes et \u00e9volutives est encore tr\u00e8s forte. eCampusOntario continue de collaborer avec Pressbooks pour fournir son plan de croissance, qui offre un acc\u00e8s illimit\u00e9 au r\u00e9seau PressbooksEDU de l\u2019Ontario au moyen d\u2019une authentification unique. Pressbooks est un syst\u00e8me de formatage [&hellip;]","og_url":"https:\/\/ecampusontario.ca\/fr\/plan-croissance-pressbooks\/","og_site_name":"eCampusOntario","article_publisher":"https:\/\/www.facebook.com\/ecampusontario\/","article_modified_time":"2021-05-03T15:13:21+00:00","og_image":[{"width":1924,"height":574,"url":"https:\/\/ecampusontario.ca\/wp-content\/uploads\/2021\/05\/Pressbook-Growth-Plan.png","type":"image\/png"}],"twitter_card":"summary_large_image","twitter_site":"@eCampusOntario","twitter_misc":{"Dur\u00e9e de lecture estim\u00e9e":"1 minute"},"schema":{"@context":"https:\/\/schema.org","@graph":[{"@type":"WebPage","@id":"https:\/\/ecampusontario.ca\/fr\/plan-croissance-pressbooks\/","url":"https:\/\/ecampusontario.ca\/fr\/plan-croissance-pressbooks\/","name":"L\u2019acc\u00e8s illimit\u00e9 continue gr\u00e2ce au plan de croissance de Pressbooks d\u2019eCampusOntario | eCampusOntario","isPartOf":{"@id":"https:\/\/ecampusontario.ca\/fr\/#website"},"primaryImageOfPage":{"@id":"https:\/\/ecampusontario.ca\/fr\/plan-croissance-pressbooks\/#primaryimage"},"image":{"@id":"https:\/\/ecampusontario.ca\/fr\/plan-croissance-pressbooks\/#primaryimage"},"thumbnailUrl":"https:\/\/ecampusontario.ca\/wp-content\/uploads\/2021\/05\/Pressbook-Growth-Plan.png","datePublished":"2020-06-02T14:50:54+00:00","dateModified":"2021-05-03T15:13:21+00:00","breadcrumb":{"@id":"https:\/\/ecampusontario.ca\/fr\/plan-croissance-pressbooks\/#breadcrumb"},"inLanguage":"fr-FR","potentialAction":[{"@type":"ReadAction","target":["https:\/\/ecampusontario.ca\/fr\/plan-croissance-pressbooks\/"]}]},{"@type":"ImageObject","inLanguage":"fr-FR","@id":"https:\/\/ecampusontario.ca\/fr\/plan-croissance-pressbooks\/#primaryimage","url":"https:\/\/ecampusontario.ca\/wp-content\/uploads\/2021\/05\/Pressbook-Growth-Plan.png","contentUrl":"https:\/\/ecampusontario.ca\/wp-content\/uploads\/2021\/05\/Pressbook-Growth-Plan.png","width":1924,"height":574,"caption":"Image of person typing"},{"@type":"BreadcrumbList","@id":"https:\/\/ecampusontario.ca\/fr\/plan-croissance-pressbooks\/#breadcrumb","itemListElement":[{"@type":"ListItem","position":1,"name":"Home","item":"https:\/\/ecampusontario.ca\/fr\/"},{"@type":"ListItem","position":2,"name":"L\u2019acc\u00e8s illimit\u00e9 continue gr\u00e2ce au plan de croissance de Pressbooks d\u2019eCampusOntario"}]},{"@type":"WebSite","@id":"https:\/\/ecampusontario.ca\/fr\/#website","url":"https:\/\/ecampusontario.ca\/fr\/","name":"eCampusOntario","description":"The online hub for learners and educators across Ontario","publisher":{"@id":"https:\/\/ecampusontario.ca\/fr\/#organization"},"potentialAction":[{"@type":"SearchAction","target":{"@type":"EntryPoint","urlTemplate":"https:\/\/ecampusontario.ca\/fr\/?s={search_term_string}"},"query-input":{"@type":"PropertyValueSpecification","valueRequired":true,"valueName":"search_term_string"}}],"inLanguage":"fr-FR"},{"@type":"Organization","@id":"https:\/\/ecampusontario.ca\/fr\/#organization","name":"eCampusOntario","url":"https:\/\/ecampusontario.ca\/fr\/","logo":{"@type":"ImageObject","inLanguage":"fr-FR","@id":"https:\/\/ecampusontario.ca\/fr\/#\/schema\/logo\/image\/","url":"https:\/\/ecampusontario.ca\/wp-content\/uploads\/2018\/11\/ecampus-e-icon-1.png","contentUrl":"https:\/\/ecampusontario.ca\/wp-content\/uploads\/2018\/11\/ecampus-e-icon-1.png","width":720,"height":325,"caption":"eCampusOntario"},"image":{"@id":"https:\/\/ecampusontario.ca\/fr\/#\/schema\/logo\/image\/"},"sameAs":["https:\/\/www.facebook.com\/ecampusontario\/","https:\/\/x.com\/eCampusOntario"]}]}},"_links":{"self":[{"href":"https:\/\/ecampusontario.ca\/fr\/wp-json\/wp\/v2\/pages\/12008","targetHints":{"allow":["GET"]}}],"collection":[{"href":"https:\/\/ecampusontario.ca\/fr\/wp-json\/wp\/v2\/pages"}],"about":[{"href":"https:\/\/ecampusontario.ca\/fr\/wp-json\/wp\/v2\/types\/page"}],"author":[{"embeddable":true,"href":"https:\/\/ecampusontario.ca\/fr\/wp-json\/wp\/v2\/users\/18"}],"replies":[{"embeddable":true,"href":"https:\/\/ecampusontario.ca\/fr\/wp-json\/wp\/v2\/comments?post=12008"}],"version-history":[{"count":4,"href":"https:\/\/ecampusontario.ca\/fr\/wp-json\/wp\/v2\/pages\/12008\/revisions"}],"predecessor-version":[{"id":15858,"href":"https:\/\/ecampusontario.ca\/fr\/wp-json\/wp\/v2\/pages\/12008\/revisions\/15858"}],"wp:featuredmedia":[{"embeddable":true,"href":"https:\/\/ecampusontario.ca\/fr\/wp-json\/wp\/v2\/media\/15843"}],"wp:attachment":[{"href":"https:\/\/ecampusontario.ca\/fr\/wp-json\/wp\/v2\/media?parent=12008"}],"wp:term":[{"taxonomy":"category","embeddable":true,"href":"https:\/\/ecampusontario.ca\/fr\/wp-json\/wp\/v2\/categories?post=12008"},{"taxonomy":"post_tag","embeddable":true,"href":"https:\/\/ecampusontario.ca\/fr\/wp-json\/wp\/v2\/tags?post=12008"}],"curies":[{"name":"wp","href":"https:\/\/api.w.org\/{rel}","templated":true}]}}