
{"id":10870,"date":"2020-02-18T15:18:29","date_gmt":"2020-02-18T20:18:29","guid":{"rendered":"https:\/\/ecampusontario.ca\/adoption-du-cadre-ecampusontario\/"},"modified":"2023-10-12T11:19:05","modified_gmt":"2023-10-12T15:19:05","slug":"adoption-du-cadre-ecampusontario","status":"publish","type":"page","link":"https:\/\/ecampusontario.ca\/fr\/adoption-du-cadre-ecampusontario\/","title":{"rendered":"Adoption du cadre eCampusOntario"},"content":{"rendered":"<div class=\"container container-lg mt-2 mb-4\">\n<h1 class=\"heading-main text-center text-left-mobile\">Adoption du cadre eCampusOntario<\/h1>\n<\/div>\n<div class=\"container container-md mt-2 mb-4\">\n<p>Pr\u00eat \u00e0 lancer une initiative de microcertification? Les principes et le cadre d\u2019eCampusOntario constituent un excellent point de d\u00e9part. Joignez-vous aux coll\u00e8ges et universit\u00e9s de l\u2019Ontario et contribuez au d\u00e9veloppement d\u2019un syst\u00e8me de reconnaissance des comp\u00e9tences pertinent et souple en Ontario et ailleurs. Utilisez ce formulaire pour nous parler de votre initiative d\u2019adoption du cadre et de vos plans de microcertification dans votre contexte.<\/p>\n<div><link rel='stylesheet' id='formidable-css' href='https:\/\/ecampusontario.ca\/wp-content\/plugins\/formidable\/css\/formidableforms.css?ver=2191412' media='all' \/>\n<div class=\"frm_forms  with_frm_style frm_style_formidable-style\" id=\"frm_form_19_container\" >\n<form enctype=\"multipart\/form-data\" method=\"post\" class=\"frm-show-form  frm_js_validate  frm_pro_form \" id=\"form_adoptourframework\" >\n<div class=\"frm_form_fields \">\n<fieldset>\n<legend class=\"frm_screen_reader\">Adopt eCampusOntario Framework<\/legend>\r\n\r\n<div class=\"frm_fields_container\">\n<input type=\"hidden\" name=\"frm_action\" value=\"create\" \/>\n<input type=\"hidden\" name=\"form_id\" value=\"19\" \/>\n<input type=\"hidden\" name=\"frm_hide_fields_19\" id=\"frm_hide_fields_19\" value=\"\" \/>\n<input type=\"hidden\" name=\"form_key\" value=\"adoptourframework\" \/>\n<input type=\"hidden\" name=\"item_meta[0]\" value=\"\" \/>\n<input type=\"hidden\" id=\"frm_submit_entry_19\" name=\"frm_submit_entry_19\" value=\"e435d9a5ee\" \/><input type=\"hidden\" name=\"_wp_http_referer\" value=\"\/fr\/wp-json\/wp\/v2\/pages\/10870\" \/><div id=\"frm_field_149_container\" class=\"frm_form_field form-field  frm_required_field frm_top_container\">\r\n    <label for=\"field_5ia48\" id=\"field_5ia48_label\" class=\"frm_primary_label\">Organization Name\r\n        <span class=\"frm_required\">*<\/span>\r\n    <\/label>\r\n    <input  type=\"text\" id=\"field_5ia48\" name=\"item_meta[149]\" value=\"\"  data-reqmsg=\"Organization Name cannot be blank.\" aria-required=\"true\" data-invmsg=\"Text is invalid\" aria-invalid=\"false\"   \/>\r\n    \r\n    \r\n<\/div>\n<div id=\"frm_field_159_container\" class=\"frm_form_field form-field  frm_required_field frm_top_container\">\r\n    <label for=\"field_6x8l9\" id=\"field_6x8l9_label\" class=\"frm_primary_label\">Sector\r\n        <span class=\"frm_required\">*<\/span>\r\n    <\/label>\r\n    \t\t<select name=\"item_meta[159]\" id=\"field_6x8l9\"  data-placeholder=\"Please select\"  placeholder=\"Please select\" data-reqmsg=\"Sector cannot be blank.\" aria-required=\"true\" data-invmsg=\"Sector est non valide\" aria-invalid=\"false\"  >\n\t\t<option  class=\"frm-select-placeholder\" value=\"\" data-placeholder=\"true\">Please select<\/option><option  value=\"Postsecondary Education\">\u00c9tudes postsecondaires<\/option><option  value=\"K12 Education\">\u00c9ducation de la maternelle au secondaire<\/option><option  value=\"Non-profit\">Organisme sans but lucratif<\/option><option  value=\"Professional Accreditation\">Accr\u00e9ditation professionnelle<\/option><option  value=\"Industry\">Industrie<\/option>\t<\/select>\n\t\r\n    \r\n    \r\n<\/div>\n<div id=\"frm_field_160_container\" class=\"frm_form_field form-field  frm_required_field frm_top_container\">\r\n    <label for=\"field_wwcm5\" id=\"field_wwcm5_label\" class=\"frm_primary_label\">Primary Contact First Name\r\n        <span class=\"frm_required\">*<\/span>\r\n    <\/label>\r\n    <input  type=\"text\" id=\"field_wwcm5\" name=\"item_meta[160]\" value=\"\"  data-reqmsg=\"Primary Contact First Name cannot be blank.\" aria-required=\"true\" data-invmsg=\"Text is invalid\" aria-invalid=\"false\"   \/>\r\n    \r\n    \r\n<\/div>\n<div id=\"frm_field_166_container\" class=\"frm_form_field form-field  frm_required_field frm_top_container\">\r\n    <label for=\"field_xath8\" id=\"field_xath8_label\" class=\"frm_primary_label\">Primary Contact Last Name\r\n        <span class=\"frm_required\">*<\/span>\r\n    <\/label>\r\n    <input  type=\"text\" id=\"field_xath8\" name=\"item_meta[166]\" value=\"\"  data-reqmsg=\"Primary Contact Last Name cannot be blank.\" aria-required=\"true\" data-invmsg=\"Text is invalid\" aria-invalid=\"false\"   \/>\r\n    \r\n    \r\n<\/div>\n<div id=\"frm_field_161_container\" class=\"frm_form_field form-field  frm_required_field frm_top_container\">\r\n    <label for=\"field_z4t6v\" id=\"field_z4t6v_label\" class=\"frm_primary_label\">Primary Contact Email \r\n        <span class=\"frm_required\">*<\/span>\r\n    <\/label>\r\n    <input type=\"email\" id=\"field_z4t6v\" name=\"item_meta[161]\" value=\"\"  data-reqmsg=\"Primary Contact Email  cannot be blank.\" aria-required=\"true\" data-invmsg=\"Email is invalid\" aria-invalid=\"false\"  \/>\r\n    \r\n    \r\n<\/div>\n<div id=\"frm_field_157_container\" class=\"frm_form_field form-field  frm_required_field frm_top_container\">\r\n    <label for=\"field_fsfpi\" id=\"field_fsfpi_label\" class=\"frm_primary_label\">Description of micro-certification activity \r\n        <span class=\"frm_required\">*<\/span>\r\n    <\/label>\r\n    <textarea name=\"item_meta[157]\" id=\"field_fsfpi\" rows=\"5\"  data-reqmsg=\"Description of micro-certification activity  cannot be blank.\" aria-required=\"true\" data-invmsg=\"Description of micro-certification activity  est non valide\" aria-invalid=\"false\"  ><\/textarea>\r\n    \r\n    \r\n<\/div>\n<div id=\"frm_field_167_container\" class=\"frm_form_field form-field  frm_required_field frm_top_container vertical_radio\">\r\n    <div  id=\"field_ib6y3_label\" class=\"frm_primary_label\">Permission to add your logo to the public principles and framework document? \r\n        <span class=\"frm_required\">*<\/span>\r\n    <\/div>\r\n    <div class=\"frm_opt_container\" aria-labelledby=\"field_ib6y3_label\" role=\"radiogroup\" aria-required=\"true\">\t\t<div class=\"frm_radio\" id=\"frm_radio_167-0\">\t\t\t<label  for=\"field_ib6y3-0\">\n\t\t\t\t\t<input type=\"radio\" name=\"item_meta[167]\" id=\"field_ib6y3-0\" value=\"yes\"\n\t\t   data-reqmsg=\"Permission to add your logo to the public principles and framework document?  cannot be blank.\" data-invmsg=\"Permission to add your logo to the public principles and framework document?  est non valide\" aria-invalid=\"false\"  \/> Oui<\/label><\/div>\n\t\t<div class=\"frm_radio\" id=\"frm_radio_167-1\">\t\t\t<label  for=\"field_ib6y3-1\">\n\t\t\t\t\t<input type=\"radio\" name=\"item_meta[167]\" id=\"field_ib6y3-1\" value=\"no\"\n\t\t   data-reqmsg=\"Permission to add your logo to the public principles and framework document?  cannot be blank.\" data-invmsg=\"Permission to add your logo to the public principles and framework document?  est non valide\" aria-invalid=\"false\"  \/> Non<\/label><\/div>\n<\/div>\r\n    \r\n    \r\n<\/div>\n<div id=\"frm_field_153_container\" class=\"frm_form_field form-field  frm_top_container\">\r\n    <div  id=\"field_3fnmd_label\" class=\"frm_primary_label\">Logo\r\n        <span class=\"frm_required\"><\/span>\r\n    <\/div>\r\n    <input type=\"hidden\"  data-invmsg=\"File Upload is invalid\" aria-invalid=\"false\"   name=\"item_meta[153]\"  value=\"\" data-frmfile=\"153\" \/>\n\n<div class=\"frm_dropzone frm_single_upload frm_clearfix\" id=\"file153_dropzone\" role=\"group\" >\n\t<div class=\"fallback\">\n\t\t<input type=\"file\" name=\"file153\" id=\"field_3fnmd\"\n\t\t\t data-invmsg=\"File Upload is invalid\" aria-invalid=\"false\"  \t\t\t\/>\n\t\t\t\t<div class=\"frm_clearfix \"><\/div>\n\t<\/div>\n\t<div class=\"dz-message needsclick\">\n\t\t\t\t<svg  viewBox=\"0 0 18 18\" class=\"frmsvg frm-svg-icon\">\n\t<path viewBox=\"0 0 18 18\" fill-rule=\"evenodd\" clip-rule=\"evenodd\" d=\"M8.2 4v8a.8.8 0 001.5 0V4l2.1 2.2A.7.7 0 1013 5L9.5 1.7a.7.7 0 00-1.1 0L5.1 5.2a.8.8 0 001 1l2.1-2zm7.6 4.3c.4 0 .7.3.7.7v6.8c0 .4-.3.7-.8.7H2.3a.8.8 0 01-.8-.8V9A.8.8 0 013 9v6h12V9c0-.4.3-.8.8-.8z\"><\/path>\n<\/svg>\t\t<span class=\"frm_upload_text\"><button type=\"button\" aria-label=\"Logo. Drop a file here or click to upload. Taille de fichier maximale\u00a0: 516MB\">Drop a file here or click to upload<\/button><\/span>\n\t\t<span class=\"frm_compact_text\"><button type=\"button\" aria-label=\"Logo. Choose File. Taille de fichier maximale\u00a0: 516MB\">Choose File<\/button><\/span>\n\t\t<div class=\"frm_small_text\">\n\t\t\t<p>Taille de fichier maximale\u00a0: 516MB<\/p>\n\t\t<\/div>\n\t<\/div>\n<\/div>\n\t\r\n    \r\n    \r\n<\/div>\n<div id=\"frm_field_168_container\" class=\"frm_form_field form-field  frm_required_field frm_top_container vertical_radio\">\r\n    <div  id=\"field_x2qep_label\" class=\"frm_primary_label\">Would you like a member of the eCampusOntario team to contact you regarding your micro-certification project? \r\n        <span class=\"frm_required\">*<\/span>\r\n    <\/div>\r\n    <div class=\"frm_opt_container\" aria-labelledby=\"field_x2qep_label\" role=\"radiogroup\" aria-required=\"true\">\t\t<div class=\"frm_radio\" id=\"frm_radio_168-0\">\t\t\t<label  for=\"field_x2qep-0\">\n\t\t\t\t\t<input type=\"radio\" name=\"item_meta[168]\" id=\"field_x2qep-0\" value=\"yes\"\n\t\t   data-reqmsg=\"Would you like a member of the eCampusOntario team to contact you regarding your micro-certification project?  cannot be blank.\" data-invmsg=\"Would you like a member of the eCampusOntario team to contact you regarding your micro-certification project?  est non valide\" aria-invalid=\"false\"  \/> Oui<\/label><\/div>\n\t\t<div class=\"frm_radio\" id=\"frm_radio_168-1\">\t\t\t<label  for=\"field_x2qep-1\">\n\t\t\t\t\t<input type=\"radio\" name=\"item_meta[168]\" id=\"field_x2qep-1\" value=\"no\"\n\t\t   data-reqmsg=\"Would you like a member of the eCampusOntario team to contact you regarding your micro-certification project?  cannot be blank.\" data-invmsg=\"Would you like a member of the eCampusOntario team to contact you regarding your micro-certification project?  est non valide\" aria-invalid=\"false\"  \/> Non<\/label><\/div>\n<\/div>\r\n    \r\n    \r\n<\/div>\n<div id=\"frm_field_158_container\" class=\"frm_form_field form-field  frm_none_container\">\r\n    <label for=\"g-recaptcha-response\" id=\"field_zxtp4_label\" class=\"frm_primary_label\">reCAPTCHA\r\n        <span class=\"frm_required\"><\/span>\r\n    <\/label>\r\n    <div  id=\"field_zxtp4\" class=\"g-recaptcha\" data-sitekey=\"6LfcEqIUAAAAAMMh5qTjbICmhhscoBnq94lY_1Cg\" data-size=\"normal\" data-theme=\"light\"><\/div>\r\n    \r\n    \r\n<\/div>\n<input type=\"hidden\" name=\"item_meta[181]\" id=\"field_mcjk1\" value=\"en\"  data-frmval=\"en\"   \/>\n\t<input type=\"hidden\" name=\"item_key\" value=\"\" \/>\n\t\t\t<div id=\"frm_field_447_container\">\n\t\t\t<label for=\"field_3v4rf\" >\n\t\t\t\tSi vous \u00eates un humain, ne remplissez pas ce champ.\t\t\t<\/label>\n\t\t\t<input  id=\"field_3v4rf\" type=\"text\" class=\"frm_form_field form-field frm_verify\" name=\"item_meta[447]\" value=\"\"  \/>\n\t\t<\/div>\n\t\t<input name=\"frm_state\" type=\"hidden\" value=\"4civF7jHXGMahRoCbtRN0PyU6jdmdUuJQS+zhucrDrgZdz83CH59XcxKmL3YKvHe\" \/><div class=\"frm_submit\">\r\n\r\n<button class=\"frm_button_submit frm_final_submit\" type=\"submit\"   formnovalidate=\"formnovalidate\">Soumettre<\/button>\r\n\r\n<\/div><\/div>\n<\/fieldset>\n<\/div>\n\n<\/form>\n<\/div>\n<\/div>\n<\/div>\n","protected":false},"excerpt":{"rendered":"<p>Adoption du cadre eCampusOntario Pr\u00eat \u00e0 lancer une initiative de microcertification? Les principes et le cadre d\u2019eCampusOntario constituent un excellent point de d\u00e9part. Joignez-vous aux coll\u00e8ges et universit\u00e9s de l\u2019Ontario et contribuez au d\u00e9veloppement d\u2019un syst\u00e8me de reconnaissance des comp\u00e9tences pertinent et souple en Ontario et ailleurs. Utilisez ce formulaire pour nous parler de votre [&hellip;]<\/p>\n","protected":false},"author":18,"featured_media":0,"parent":0,"menu_order":0,"comment_status":"closed","ping_status":"closed","template":"","meta":{"_acf_changed":false,"footnotes":""},"categories":[],"tags":[],"class_list":["post-10870","page","type-page","status-publish","hentry"],"acf":[],"yoast_head":"<!-- This site is optimized with the Yoast SEO Premium plugin v26.0 (Yoast SEO v26.0) - https:\/\/yoast.com\/wordpress\/plugins\/seo\/ -->\n<title>Adoption du cadre eCampusOntario | eCampusOntario<\/title>\n<meta name=\"robots\" content=\"index, follow, max-snippet:-1, max-image-preview:large, max-video-preview:-1\" \/>\n<link rel=\"canonical\" href=\"https:\/\/ecampusontario.ca\/fr\/adoption-du-cadre-ecampusontario\/\" \/>\n<meta property=\"og:locale\" content=\"fr_FR\" \/>\n<meta property=\"og:type\" content=\"article\" \/>\n<meta property=\"og:title\" content=\"Adoption du cadre eCampusOntario\" \/>\n<meta property=\"og:description\" content=\"Adoption du cadre eCampusOntario Pr\u00eat \u00e0 lancer une initiative de microcertification? Les principes et le cadre d\u2019eCampusOntario constituent un excellent point de d\u00e9part. Joignez-vous aux coll\u00e8ges et universit\u00e9s de l\u2019Ontario et contribuez au d\u00e9veloppement d\u2019un syst\u00e8me de reconnaissance des comp\u00e9tences pertinent et souple en Ontario et ailleurs. Utilisez ce formulaire pour nous parler de votre [&hellip;]\" \/>\n<meta property=\"og:url\" content=\"https:\/\/ecampusontario.ca\/fr\/adoption-du-cadre-ecampusontario\/\" \/>\n<meta property=\"og:site_name\" content=\"eCampusOntario\" \/>\n<meta property=\"article:publisher\" content=\"https:\/\/www.facebook.com\/ecampusontario\/\" \/>\n<meta property=\"article:modified_time\" content=\"2023-10-12T15:19:05+00:00\" \/>\n<meta property=\"og:image\" content=\"https:\/\/ecampusontario.ca\/wp-content\/uploads\/2020\/01\/Screen-Shot-2020-01-30-at-10.01.53-AM.png\" \/>\n\t<meta property=\"og:image:width\" content=\"1597\" \/>\n\t<meta property=\"og:image:height\" content=\"583\" \/>\n\t<meta property=\"og:image:type\" content=\"image\/png\" \/>\n<meta name=\"twitter:card\" content=\"summary_large_image\" \/>\n<meta name=\"twitter:site\" content=\"@eCampusOntario\" \/>\n<script type=\"application\/ld+json\" class=\"yoast-schema-graph\">{\"@context\":\"https:\/\/schema.org\",\"@graph\":[{\"@type\":\"WebPage\",\"@id\":\"https:\/\/ecampusontario.ca\/fr\/adoption-du-cadre-ecampusontario\/\",\"url\":\"https:\/\/ecampusontario.ca\/fr\/adoption-du-cadre-ecampusontario\/\",\"name\":\"Adoption du cadre eCampusOntario | eCampusOntario\",\"isPartOf\":{\"@id\":\"https:\/\/ecampusontario.ca\/fr\/#website\"},\"datePublished\":\"2020-02-18T20:18:29+00:00\",\"dateModified\":\"2023-10-12T15:19:05+00:00\",\"breadcrumb\":{\"@id\":\"https:\/\/ecampusontario.ca\/fr\/adoption-du-cadre-ecampusontario\/#breadcrumb\"},\"inLanguage\":\"fr-FR\",\"potentialAction\":[{\"@type\":\"ReadAction\",\"target\":[\"https:\/\/ecampusontario.ca\/fr\/adoption-du-cadre-ecampusontario\/\"]}]},{\"@type\":\"BreadcrumbList\",\"@id\":\"https:\/\/ecampusontario.ca\/fr\/adoption-du-cadre-ecampusontario\/#breadcrumb\",\"itemListElement\":[{\"@type\":\"ListItem\",\"position\":1,\"name\":\"Home\",\"item\":\"https:\/\/ecampusontario.ca\/fr\/\"},{\"@type\":\"ListItem\",\"position\":2,\"name\":\"Adoption du cadre eCampusOntario\"}]},{\"@type\":\"WebSite\",\"@id\":\"https:\/\/ecampusontario.ca\/fr\/#website\",\"url\":\"https:\/\/ecampusontario.ca\/fr\/\",\"name\":\"eCampusOntario\",\"description\":\"The online hub for learners and educators across Ontario\",\"publisher\":{\"@id\":\"https:\/\/ecampusontario.ca\/fr\/#organization\"},\"potentialAction\":[{\"@type\":\"SearchAction\",\"target\":{\"@type\":\"EntryPoint\",\"urlTemplate\":\"https:\/\/ecampusontario.ca\/fr\/?s={search_term_string}\"},\"query-input\":{\"@type\":\"PropertyValueSpecification\",\"valueRequired\":true,\"valueName\":\"search_term_string\"}}],\"inLanguage\":\"fr-FR\"},{\"@type\":\"Organization\",\"@id\":\"https:\/\/ecampusontario.ca\/fr\/#organization\",\"name\":\"eCampusOntario\",\"url\":\"https:\/\/ecampusontario.ca\/fr\/\",\"logo\":{\"@type\":\"ImageObject\",\"inLanguage\":\"fr-FR\",\"@id\":\"https:\/\/ecampusontario.ca\/fr\/#\/schema\/logo\/image\/\",\"url\":\"https:\/\/ecampusontario.ca\/wp-content\/uploads\/2018\/11\/ecampus-e-icon-1.png\",\"contentUrl\":\"https:\/\/ecampusontario.ca\/wp-content\/uploads\/2018\/11\/ecampus-e-icon-1.png\",\"width\":720,\"height\":325,\"caption\":\"eCampusOntario\"},\"image\":{\"@id\":\"https:\/\/ecampusontario.ca\/fr\/#\/schema\/logo\/image\/\"},\"sameAs\":[\"https:\/\/www.facebook.com\/ecampusontario\/\",\"https:\/\/x.com\/eCampusOntario\"]}]}<\/script>\n<!-- \/ Yoast SEO Premium plugin. -->","yoast_head_json":{"title":"Adoption du cadre eCampusOntario | eCampusOntario","robots":{"index":"index","follow":"follow","max-snippet":"max-snippet:-1","max-image-preview":"max-image-preview:large","max-video-preview":"max-video-preview:-1"},"canonical":"https:\/\/ecampusontario.ca\/fr\/adoption-du-cadre-ecampusontario\/","og_locale":"fr_FR","og_type":"article","og_title":"Adoption du cadre eCampusOntario","og_description":"Adoption du cadre eCampusOntario Pr\u00eat \u00e0 lancer une initiative de microcertification? Les principes et le cadre d\u2019eCampusOntario constituent un excellent point de d\u00e9part. Joignez-vous aux coll\u00e8ges et universit\u00e9s de l\u2019Ontario et contribuez au d\u00e9veloppement d\u2019un syst\u00e8me de reconnaissance des comp\u00e9tences pertinent et souple en Ontario et ailleurs. Utilisez ce formulaire pour nous parler de votre [&hellip;]","og_url":"https:\/\/ecampusontario.ca\/fr\/adoption-du-cadre-ecampusontario\/","og_site_name":"eCampusOntario","article_publisher":"https:\/\/www.facebook.com\/ecampusontario\/","article_modified_time":"2023-10-12T15:19:05+00:00","og_image":[{"width":1597,"height":583,"url":"https:\/\/ecampusontario.ca\/wp-content\/uploads\/2020\/01\/Screen-Shot-2020-01-30-at-10.01.53-AM.png","type":"image\/png"}],"twitter_card":"summary_large_image","twitter_site":"@eCampusOntario","schema":{"@context":"https:\/\/schema.org","@graph":[{"@type":"WebPage","@id":"https:\/\/ecampusontario.ca\/fr\/adoption-du-cadre-ecampusontario\/","url":"https:\/\/ecampusontario.ca\/fr\/adoption-du-cadre-ecampusontario\/","name":"Adoption du cadre eCampusOntario | eCampusOntario","isPartOf":{"@id":"https:\/\/ecampusontario.ca\/fr\/#website"},"datePublished":"2020-02-18T20:18:29+00:00","dateModified":"2023-10-12T15:19:05+00:00","breadcrumb":{"@id":"https:\/\/ecampusontario.ca\/fr\/adoption-du-cadre-ecampusontario\/#breadcrumb"},"inLanguage":"fr-FR","potentialAction":[{"@type":"ReadAction","target":["https:\/\/ecampusontario.ca\/fr\/adoption-du-cadre-ecampusontario\/"]}]},{"@type":"BreadcrumbList","@id":"https:\/\/ecampusontario.ca\/fr\/adoption-du-cadre-ecampusontario\/#breadcrumb","itemListElement":[{"@type":"ListItem","position":1,"name":"Home","item":"https:\/\/ecampusontario.ca\/fr\/"},{"@type":"ListItem","position":2,"name":"Adoption du cadre eCampusOntario"}]},{"@type":"WebSite","@id":"https:\/\/ecampusontario.ca\/fr\/#website","url":"https:\/\/ecampusontario.ca\/fr\/","name":"eCampusOntario","description":"The online hub for learners and educators across Ontario","publisher":{"@id":"https:\/\/ecampusontario.ca\/fr\/#organization"},"potentialAction":[{"@type":"SearchAction","target":{"@type":"EntryPoint","urlTemplate":"https:\/\/ecampusontario.ca\/fr\/?s={search_term_string}"},"query-input":{"@type":"PropertyValueSpecification","valueRequired":true,"valueName":"search_term_string"}}],"inLanguage":"fr-FR"},{"@type":"Organization","@id":"https:\/\/ecampusontario.ca\/fr\/#organization","name":"eCampusOntario","url":"https:\/\/ecampusontario.ca\/fr\/","logo":{"@type":"ImageObject","inLanguage":"fr-FR","@id":"https:\/\/ecampusontario.ca\/fr\/#\/schema\/logo\/image\/","url":"https:\/\/ecampusontario.ca\/wp-content\/uploads\/2018\/11\/ecampus-e-icon-1.png","contentUrl":"https:\/\/ecampusontario.ca\/wp-content\/uploads\/2018\/11\/ecampus-e-icon-1.png","width":720,"height":325,"caption":"eCampusOntario"},"image":{"@id":"https:\/\/ecampusontario.ca\/fr\/#\/schema\/logo\/image\/"},"sameAs":["https:\/\/www.facebook.com\/ecampusontario\/","https:\/\/x.com\/eCampusOntario"]}]}},"_links":{"self":[{"href":"https:\/\/ecampusontario.ca\/fr\/wp-json\/wp\/v2\/pages\/10870","targetHints":{"allow":["GET"]}}],"collection":[{"href":"https:\/\/ecampusontario.ca\/fr\/wp-json\/wp\/v2\/pages"}],"about":[{"href":"https:\/\/ecampusontario.ca\/fr\/wp-json\/wp\/v2\/types\/page"}],"author":[{"embeddable":true,"href":"https:\/\/ecampusontario.ca\/fr\/wp-json\/wp\/v2\/users\/18"}],"replies":[{"embeddable":true,"href":"https:\/\/ecampusontario.ca\/fr\/wp-json\/wp\/v2\/comments?post=10870"}],"version-history":[{"count":4,"href":"https:\/\/ecampusontario.ca\/fr\/wp-json\/wp\/v2\/pages\/10870\/revisions"}],"predecessor-version":[{"id":30132,"href":"https:\/\/ecampusontario.ca\/fr\/wp-json\/wp\/v2\/pages\/10870\/revisions\/30132"}],"wp:attachment":[{"href":"https:\/\/ecampusontario.ca\/fr\/wp-json\/wp\/v2\/media?parent=10870"}],"wp:term":[{"taxonomy":"category","embeddable":true,"href":"https:\/\/ecampusontario.ca\/fr\/wp-json\/wp\/v2\/categories?post=10870"},{"taxonomy":"post_tag","embeddable":true,"href":"https:\/\/ecampusontario.ca\/fr\/wp-json\/wp\/v2\/tags?post=10870"}],"curies":[{"name":"wp","href":"https:\/\/api.w.org\/{rel}","templated":true}]}}